{"id":660,"date":"2021-06-11T19:10:06","date_gmt":"2021-06-11T17:10:06","guid":{"rendered":"https:\/\/vergedelcastell.com\/?page_id=660"},"modified":"2022-07-19T17:58:17","modified_gmt":"2022-07-19T15:58:17","slug":"inici-copy-3","status":"publish","type":"page","link":"https:\/\/vergedelcastell.com\/?page_id=660","title":{"rendered":"Inici"},"content":{"rendered":"<p>[et_pb_section fb_built=\u00bb1&#8243; custom_padding_last_edited=\u00bbon|phone\u00bb admin_label=\u00bbHero\u00bb _builder_version=\u00bb4.9.4&#8243; use_background_color_gradient=\u00bbon\u00bb background_color_gradient_start=\u00bbrgba(49,128,192,0.2)\u00bb background_color_gradient_end=\u00bbrgba(49,128,192,0.6)\u00bb background_color_gradient_overlays_image=\u00bbon\u00bb background_image=\u00bbhttps:\/\/vergedelcastell.com\/wp-content\/uploads\/2021\/06\/grupo-de-ancianos-pp.jpg\u00bb background_blend=\u00bbsoft-light\u00bb width=\u00bb96.3%\u00bb max_width=\u00bb100%\u00bb min_height=\u00bb275px\u00bb custom_margin=\u00bb||72px||false|false\u00bb custom_padding_tablet=\u00bb100px||100px|\u00bb custom_padding_phone=\u00bb|||\u00bb animation_style=\u00bbslide\u00bb animation_direction=\u00bbleft\u00bb animation_intensity_slide=\u00bb5%\u00bb border_radii=\u00bboff|||9vw|\u00bb border_color_all=\u00bb#0ee1f4&#8243; border_width_right=\u00bb2vw\u00bb box_shadow_style=\u00bbpreset4&#8243; box_shadow_horizontal=\u00bb20px\u00bb box_shadow_vertical=\u00bb0px\u00bb box_shadow_color=\u00bbrgba(14,225,244,0.33)\u00bb collapsed=\u00bboff\u00bb global_colors_info=\u00bb{}\u00bb][\/et_pb_section][et_pb_section fb_built=\u00bb1&#8243; admin_label=\u00bbServices\u00bb _builder_version=\u00bb4.9.4&#8243; background_color=\u00bb#FFFFFF\u00bb use_background_color_gradient=\u00bbon\u00bb background_color_gradient_start=\u00bbrgba(0,0,0,0)\u00bb background_color_gradient_end=\u00bbrgba(224,191,118,0.49)\u00bb min_height=\u00bb1224px\u00bb custom_margin=\u00bb-69px||3px|||\u00bb custom_padding=\u00bb47px|0px|100px|0px|false|false\u00bb top_divider_style=\u00bbwaves2&#8243; top_divider_color=\u00bb#0C71C3&#8243; bottom_divider_style=\u00bbcurve\u00bb bottom_divider_color=\u00bbrgba(0,107,221,0.94)\u00bb bottom_divider_height=\u00bb163px\u00bb border_radii=\u00bboff||||\u00bb global_colors_info=\u00bb{}\u00bb][et_pb_row column_structure=\u00bb3_5,2_5&#8243; make_equal=\u00bbon\u00bb _builder_version=\u00bb4.9.4&#8243; width=\u00bb100%\u00bb max_width=\u00bb205%\u00bb min_height=\u00bb638.1px\u00bb custom_margin=\u00bb18px|auto||auto||\u00bb custom_margin_tablet=\u00bb||0px|\u00bb custom_margin_phone=\u00bb\u00bb custom_margin_last_edited=\u00bbon|desktop\u00bb custom_padding=\u00bb44px|||||\u00bb use_custom_width=\u00bbon\u00bb width_unit=\u00bboff\u00bb custom_width_percent=\u00bb100%\u00bb global_colors_info=\u00bb{}\u00bb][et_pb_column type=\u00bb3_5&#8243; _builder_version=\u00bb4.9.4&#8243; custom_padding=\u00bb60px||60px|12%|false|false\u00bb custom_padding_tablet=\u00bb0px|50px|50px|50px\u00bb custom_padding_phone=\u00bb\u00bb custom_padding_last_edited=\u00bbon|desktop\u00bb custom_css_main_element=\u00bbwidth: 69% !important\u00bb custom_css_after=\u00bbwidth: 20% !important\u00bb global_colors_info=\u00bb{}\u00bb padding_tablet=\u00bb0px|50px|50px|50px\u00bb padding_last_edited=\u00bbon|desktop\u00bb custom_padding__hover=\u00bb|||\u00bb padding_phone=\u00bb0px|50px|50px|50px\u00bb][et_pb_image src=\u00bbhttps:\/\/vergedelcastell.com\/wp-content\/uploads\/2021\/05\/imageonline-co-whitebackgroundremoved.png\u00bb title_text=\u00bbimageonline-co-whitebackgroundremoved\u00bb _builder_version=\u00bb4.9.4&#8243; custom_margin=\u00bb-7px||||false|false\u00bb custom_padding=\u00bb2px||1px||false|false\u00bb border_radii=\u00bboff||||\u00bb always_center_on_mobile=\u00bboff\u00bb global_colors_info=\u00bb{}\u00bb][\/et_pb_image][et_pb_text _builder_version=\u00bb4.9.4&#8243; _module_preset=\u00bbdefault\u00bb text_font=\u00bbAsap||||||||\u00bb text_font_size=\u00bb11px\u00bb text_letter_spacing=\u00bb4px\u00bb text_line_height=\u00bb1.3em\u00bb text_orientation=\u00bbcenter\u00bb width=\u00bb95.1%\u00bb min_height=\u00bb235px\u00bb custom_padding=\u00bb|6vw|2px||false|false\u00bb inline_fonts=\u00bbABeeZee,Coustard\u00bb global_colors_info=\u00bb{}\u00bb]<\/p>\n<h1 style=\"text-align: center;\"><span style=\"font-size: x-large; font-family: Coustard;\"><span style=\"color: #000000;\">En la resid\u00e8ncia Verge del Castell, situada en un entorn rural en plena <span style=\"font-weight: normal;\">naturalesa<\/span>, proporcionem un tracte hum\u00e0, individualitzat i de qualitat basat en la confian\u00e7a i el coneixement de la hist\u00f2ria de vida dels nostres residents i fam\u00edlies. Garantim el seguiment integral i interdisciplinari de la persona i el respecte a la voluntat.<\/span><\/span><\/h1>\n<p>[\/et_pb_text][\/et_pb_column][et_pb_column type=\u00bb2_5&#8243; _builder_version=\u00bb4.9.4&#8243; _module_preset=\u00bbdefault\u00bb global_colors_info=\u00bb{}\u00bb][et_pb_image src=\u00bbhttps:\/\/vergedelcastell.com\/wp-content\/uploads\/2021\/05\/vergedelcastell-1024&#215;717-1.jpg\u00bb alt=\u00bbImatge de Freepik.\u00bb title_text=\u00bbVerge_del_castell\u00bb force_fullwidth=\u00bbon\u00bb align_tablet=\u00bbcenter\u00bb align_phone=\u00bb\u00bb align_last_edited=\u00bbon|desktop\u00bb _builder_version=\u00bb4.9.4&#8243; z_index=\u00bb0&#8243; min_height=\u00bb380px\u00bb custom_margin=\u00bb|-23px||-98px|false|false\u00bb custom_padding=\u00bb168px|26px|0px|25px|false|false\u00bb animation_style=\u00bbslide\u00bb animation_direction=\u00bbright\u00bb animation_intensity_slide=\u00bb5%\u00bb border_radii=\u00bb|30px|||15vw\u00bb border_color_all=\u00bb#2f8cff\u00bb border_width_left=\u00bb2vw\u00bb box_shadow_style=\u00bbpreset3&#8243; box_shadow_vertical=\u00bb30px\u00bb box_shadow_blur=\u00bb80px\u00bb box_shadow_spread=\u00bb-30px\u00bb box_shadow_color=\u00bbrgba(102,141,186,0.7)\u00bb global_colors_info=\u00bb{}\u00bb][\/et_pb_image][\/et_pb_column][\/et_pb_row][et_pb_row _builder_version=\u00bb4.9.4&#8243; _module_preset=\u00bbdefault\u00bb global_colors_info=\u00bb{}\u00bb][et_pb_column type=\u00bb4_4&#8243; _builder_version=\u00bb4.9.4&#8243; _module_preset=\u00bbdefault\u00bb global_colors_info=\u00bb{}\u00bb][dipl_separator _builder_version=\u00bb4.9.4&#8243; _module_preset=\u00bbdefault\u00bb global_colors_info=\u00bb{}\u00bb][\/dipl_separator][\/et_pb_column][\/et_pb_row][et_pb_row column_structure=\u00bb1_3,1_3,1_3&#8243; _builder_version=\u00bb3.25&#8243; width=\u00bb81.5%\u00bb custom_margin=\u00bb42px|auto||auto||\u00bb custom_padding=\u00bb||2px|||\u00bb global_colors_info=\u00bb{}\u00bb][et_pb_column type=\u00bb1_3&#8243; _builder_version=\u00bb3.25&#8243; custom_padding=\u00bb|||\u00bb global_colors_info=\u00bb{}\u00bb custom_padding__hover=\u00bb|||\u00bb][et_pb_blurb title=\u00bbVISI\u00d3\u00bb use_icon=\u00bbon\u00bb font_icon=\u00bb&#x4e;||divi||400&#8243; icon_color=\u00bb#2f8cff\u00bb image_icon_background_color=\u00bb#c5dfff\u00bb icon_placement=\u00bbleft\u00bb image_icon_width=\u00bb22px\u00bb _builder_version=\u00bb4.13.0&#8243; header_font=\u00bbMontserrat||||||||\u00bb header_text_color=\u00bb#0C71C3&#8243; body_font=\u00bbMontserrat|300|||||||\u00bb body_font_size=\u00bb15px\u00bb body_line_height=\u00bb2em\u00bb image_icon_custom_padding=\u00bb8px|8px|8px|8px|false|false\u00bb min_height=\u00bb7px\u00bb custom_margin=\u00bb||8px||false|false\u00bb animation_style=\u00bbfade\u00bb animation_delay=\u00bb100ms\u00bb animation=\u00bboff\u00bb border_radii_image=\u00bbon|100%|100%|100%|100%\u00bb icon_font_size=\u00bb22px\u00bb use_circle=\u00bbon\u00bb circle_color=\u00bb#c5dfff\u00bb locked=\u00bboff\u00bb global_colors_info=\u00bb{}\u00bb image_icon_background_color__sticky_enabled=\u00bb#2ea3f2&#8243; image_icon_background_color__sticky=\u00bb#2ea3f2&#8243;][\/et_pb_blurb][et_pb_text _builder_version=\u00bb4.9.4&#8243; _module_preset=\u00bbdefault\u00bb text_font=\u00bbCoustard||||||||\u00bb text_text_color=\u00bb#0C71C3&#8243; text_font_size=\u00bb24px\u00bb text_line_height=\u00bb1em\u00bb background_color=\u00bbRGBA(0,0,0,0)\u00bb min_height=\u00bb310px\u00bb custom_margin=\u00bb0px||0px||false|false\u00bb custom_padding=\u00bb34px||27px||false|false\u00bb animation_style=\u00bbbounce\u00bb scroll_fade=\u00bb0|50|50|100|0%|100|3%\u00bb global_colors_info=\u00bb{}\u00bb]<\/p>\n<p><span style=\"color: #000000; font-size: large;\">\u2b50<\/span><span style=\"color: #000000; font-size: large;\">-Organitzaci\u00f3 social de refer\u00e8ncia en l\u2019ambient rural:<\/span><\/p>\n<p><span style=\"color: #000000; font-size: large;\">\u00a0\u2b50\u00a0-Per la qualitat dels serveis que ofereix.<\/span><\/p>\n<p><span style=\"color: #000000; font-size: large;\">\u00a0\u2b50\u00a0-Per l\u2019ampliaci\u00f3 d\u2019oportunitats de desenvolupament professional i personal dels seus treballadors.<\/span><\/p>\n<p><span style=\"color: #000000; font-size: large;\">\u00a0\u2b50-Per una contribuci\u00f3 positiva a la societat actuan amb un comprom\u00eds social<\/span><\/p>\n<p>[\/et_pb_text][\/et_pb_column][et_pb_column type=\u00bb1_3&#8243; _builder_version=\u00bb3.25&#8243; custom_padding=\u00bb|||\u00bb global_colors_info=\u00bb{}\u00bb custom_padding__hover=\u00bb|||\u00bb][et_pb_blurb title=\u00bbVALORS\u00bb use_icon=\u00bbon\u00bb font_icon=\u00bb&#x4e;||divi||400&#8243; icon_color=\u00bb#2f8cff\u00bb image_icon_background_color=\u00bb#c5dfff\u00bb icon_placement=\u00bbleft\u00bb image_icon_width=\u00bb22px\u00bb _builder_version=\u00bb4.13.0&#8243; header_font=\u00bbMontserrat||||||||\u00bb header_text_color=\u00bb#0C71C3&#8243; body_font=\u00bbMontserrat|300|||||||\u00bb body_text_align=\u00bbleft\u00bb body_font_size=\u00bb15px\u00bb body_line_height=\u00bb2em\u00bb image_icon_custom_padding=\u00bb8px|8px|8px|8px|false|false\u00bb text_orientation=\u00bbjustified\u00bb module_alignment=\u00bbcenter\u00bb min_height=\u00bb41px\u00bb custom_margin=\u00bb||4px||false|false\u00bb custom_padding=\u00bb0px||3px||false|false\u00bb animation_style=\u00bbfade\u00bb animation=\u00bboff\u00bb border_radii_image=\u00bbon|100%|100%|100%|100%\u00bb icon_font_size=\u00bb22px\u00bb use_circle=\u00bbon\u00bb circle_color=\u00bb#c5dfff\u00bb inline_fonts=\u00bbGentium Book Basic,Gentium Basic\u00bb global_colors_info=\u00bb{}\u00bb image_icon_background_color__sticky_enabled=\u00bb#2ea3f2&#8243; image_icon_background_color__sticky=\u00bb#2ea3f2&#8243;][\/et_pb_blurb][et_pb_text _builder_version=\u00bb4.9.4&#8243; _module_preset=\u00bbdefault\u00bb text_font=\u00bbCoustard||||||||\u00bb text_text_color=\u00bb#0C71C3&#8243; background_color=\u00bbRGBA(0,0,0,0)\u00bb animation_style=\u00bbbounce\u00bb scroll_fade=\u00bb0|50|50|100|0%|100|3%\u00bb global_colors_info=\u00bb{}\u00bb custom_padding__hover_enabled=\u00bbon|desktop\u00bb]<\/p>\n<p>&nbsp;<\/p>\n<p><span style=\"color: #22c925; font-family: inherit; font-size: large;\">\u2713\u00a0<\/span><span style=\"color: #000000; font-family: inherit; font-size: large;\"> -Experi\u00e8ncia<\/span><\/p>\n<p><span style=\"color: #000000; font-family: inherit; font-size: large;\"><span style=\"color: #22c925;\">\u2713\u00a0<\/span> -Confian\u00e7a<\/span><\/p>\n<p><span style=\"color: #000000; font-family: inherit; font-size: large;\"><span style=\"color: #7cda24;\"><span style=\"color: #22c925;\">\u2713<\/span>\u00a0 <\/span>-Caliu hum\u00e0\/Familiaritat<\/span><\/p>\n<p><span style=\"color: #000000; font-family: inherit; font-size: large;\"><span style=\"color: #22c925;\">\u2713\u00a0 <\/span>-Responsabilitat<\/span><\/p>\n<p><span style=\"font-family: inherit; font-size: large; color: #22c925;\">\u2713<\/span><span style=\"color: #000000; font-family: inherit; font-size: large;\"> -Qualitat<\/span><\/p>\n<p><span style=\"color: #000000; font-family: inherit; font-size: large;\"><span style=\"color: #22c925;\">\u2713\u00a0<\/span>-Individualitat<\/span><\/p>\n<p><span style=\"color: #000000; font-family: inherit; font-size: large;\"><span style=\"color: #22c925;\">\u2713\u00a0<\/span>-Garantia<\/span><\/p>\n<p><span style=\"color: #000000; font-family: inherit; font-size: large;\"><span style=\"color: #22c925;\">\u2713<\/span>\u00a0-Dignitat<\/span><\/p>\n<p><span style=\"color: #000000; font-family: inherit; font-size: large;\"><span style=\"color: #22c925;\">\u2713\u00a0<\/span>-Conviv\u00e8ncia<\/span><\/p>\n<p><span style=\"color: #000000; font-family: inherit; font-size: large;\"><span style=\"color: #22c925;\">\u2713<\/span>\u00a0-Professionalitzaci\u00f3<\/span><\/p>\n<p><span style=\"color: #000000; font-family: inherit; font-size: large;\"><span style=\"color: #22c925;\">\u2713<\/span>\u00a0-Treball en equip<\/span><\/p>\n<p><span style=\"color: #000000; font-family: inherit; font-size: large;\"><span style=\"color: #22c925;\">\u2713<\/span>\u00a0-Drets de l\u2019home<\/span><\/p>\n<p>[\/et_pb_text][\/et_pb_column][et_pb_column type=\u00bb1_3&#8243; _builder_version=\u00bb3.25&#8243; custom_padding=\u00bb|||\u00bb global_colors_info=\u00bb{}\u00bb custom_padding__hover=\u00bb|||\u00bb][et_pb_blurb title=\u00bbACRA\u00bb use_icon=\u00bbon\u00bb font_icon=\u00bb&#x4e;||divi||400&#8243; icon_color=\u00bb#2f8cff\u00bb image_icon_background_color=\u00bb#c5dfff\u00bb icon_placement=\u00bbleft\u00bb image_icon_width=\u00bb22px\u00bb _builder_version=\u00bb4.13.0&#8243; header_font=\u00bbMontserrat||||||||\u00bb header_text_color=\u00bb#0C71C3&#8243; body_font=\u00bbMontserrat|300|||||||\u00bb body_font_size=\u00bb15px\u00bb image_icon_custom_padding=\u00bb8px|8px|8px|8px|false|false\u00bb custom_margin=\u00bb||3px|||\u00bb animation_style=\u00bbfade\u00bb animation_delay=\u00bb200ms\u00bb animation=\u00bboff\u00bb border_radii_image=\u00bbon|100%|100%|100%|100%\u00bb icon_font_size=\u00bb22px\u00bb use_circle=\u00bbon\u00bb circle_color=\u00bb#c5dfff\u00bb locked=\u00bboff\u00bb global_colors_info=\u00bb{}\u00bb image_icon_background_color__sticky_enabled=\u00bb#2ea3f2&#8243; image_icon_background_color__sticky=\u00bb#2ea3f2&#8243;][\/et_pb_blurb][dipl_scroll_image image=\u00bbhttps:\/\/vergedelcastell.com\/wp-content\/uploads\/2021\/05\/ACRA.jpg\u00bb _builder_version=\u00bb4.9.4&#8243; _module_preset=\u00bbdefault\u00bb custom_padding=\u00bb34px||||false|false\u00bb animation_style=\u00bbbounce\u00bb scroll_fade=\u00bb0|50|50|100|0|100|3%\u00bb global_colors_info=\u00bb{}\u00bb][\/dipl_scroll_image][\/et_pb_column][\/et_pb_row][et_pb_row column_structure=\u00bb1_3,1_3,1_3&#8243; custom_padding_last_edited=\u00bboff|desktop\u00bb _builder_version=\u00bb3.25&#8243; custom_margin=\u00bb53px|auto||auto||\u00bb custom_padding=\u00bb50px|0px|50px|0px|false|false\u00bb custom_padding_tablet=\u00bb40px||90px|\u00bb custom_padding_phone=\u00bb|||\u00bb global_colors_info=\u00bb{}\u00bb][et_pb_column type=\u00bb1_3&#8243; _builder_version=\u00bb4.9.4&#8243; _module_preset=\u00bbdefault\u00bb global_colors_info=\u00bb{}\u00bb][et_pb_text admin_label=\u00bbCTA Text\u00bb _builder_version=\u00bb4.9.4&#8243; text_font=\u00bbCoustard||||||||\u00bb scroll_fade_enable=\u00bbon\u00bb global_colors_info=\u00bb{}\u00bb]<\/p>\n<h2><span style=\"text-decoration: underline; color: #000000;\"><span style=\"font-size: x-large;\"><span style=\"color: #0c71c3; text-decoration: underline;\">CENTRE COL\u00b7LABORADOR<\/span><\/span><\/span><\/h2>\n<p><span style=\"color: #000000;\"><\/span><\/p>\n<p><span style=\"color: #000000;\"><\/span><\/p>\n<p>&nbsp;<\/p>\n<p><span style=\"color: #0c71c3; font-size: x-large;\"><\/span><\/p>\n<p>&nbsp;<\/p>\n<p>&nbsp;<\/p>\n<p>[\/et_pb_text][\/et_pb_column][et_pb_column type=\u00bb1_3&#8243; _builder_version=\u00bb3.25&#8243; custom_padding=\u00bb|||\u00bb global_colors_info=\u00bb{}\u00bb custom_padding__hover=\u00bb|||\u00bb][et_pb_image src=\u00bbhttps:\/\/vergedelcastell.com\/wp-content\/uploads\/2021\/05\/BENESTAR.jpg\u00bb title_text=\u00bbBENESTAR\u00bb _builder_version=\u00bb4.9.4&#8243; _module_preset=\u00bbdefault\u00bb background_color=\u00bbRGBA(0,0,0,0)\u00bb scroll_fade_enable=\u00bbon\u00bb global_colors_info=\u00bb{}\u00bb][\/et_pb_image][\/et_pb_column][et_pb_column type=\u00bb1_3&#8243; _builder_version=\u00bb3.25&#8243; custom_padding=\u00bb|||\u00bb global_colors_info=\u00bb{}\u00bb custom_padding__hover=\u00bb|||\u00bb][\/et_pb_column][\/et_pb_row][et_pb_row column_structure=\u00bb1_3,1_3,1_3&#8243; _builder_version=\u00bb4.9.4&#8243; _module_preset=\u00bbdefault\u00bb custom_margin=\u00bb-48px|auto|205px|auto|false|false\u00bb global_colors_info=\u00bb{}\u00bb][et_pb_column type=\u00bb1_3&#8243; _builder_version=\u00bb4.9.4&#8243; _module_preset=\u00bbdefault\u00bb global_colors_info=\u00bb{}\u00bb][dsm_block_reveal_text block_reveal_text=\u00bbwww.araponent.cat \u00bb _builder_version=\u00bb4.9.4&#8243; _module_preset=\u00bbdefault\u00bb header_font=\u00bbCoustard||||||||\u00bb header_text_color=\u00bb#0C71C3&#8243; global_colors_info=\u00bb{}\u00bb][\/dsm_block_reveal_text][et_pb_image src=\u00bbhttps:\/\/vergedelcastell.com\/wp-content\/uploads\/2021\/05\/1.jpg\u00bb title_text=\u00bb1&#8243; _builder_version=\u00bb4.9.4&#8243; _module_preset=\u00bbdefault\u00bb global_colors_info=\u00bb{}\u00bb][\/et_pb_image][\/et_pb_column][et_pb_column type=\u00bb1_3&#8243; _builder_version=\u00bb4.9.4&#8243; _module_preset=\u00bbdefault\u00bb global_colors_info=\u00bb{}\u00bb][dsm_block_reveal_text block_reveal_text=\u00bb www.bondia.cat  \u00bb _builder_version=\u00bb4.9.4&#8243; _module_preset=\u00bbdefault\u00bb header_font=\u00bbCoustard||||||||\u00bb header_text_color=\u00bb#0C71C3&#8243; global_colors_info=\u00bb{}\u00bb][\/dsm_block_reveal_text][et_pb_image src=\u00bbhttps:\/\/vergedelcastell.com\/wp-content\/uploads\/2021\/05\/2.jpg\u00bb title_text=\u00bb2&#8243; _builder_version=\u00bb4.9.4&#8243; _module_preset=\u00bbdefault\u00bb global_colors_info=\u00bb{}\u00bb][\/et_pb_image][\/et_pb_column][et_pb_column type=\u00bb1_3&#8243; _builder_version=\u00bb4.9.4&#8243; _module_preset=\u00bbdefault\u00bb global_colors_info=\u00bb{}\u00bb][dsm_block_reveal_text block_reveal_text=\u00bbwww.lleidatelevisio.xiptv.cat\u00bb _builder_version=\u00bb4.9.4&#8243; _module_preset=\u00bbdefault\u00bb header_font=\u00bbCoustard||||||||\u00bb header_text_color=\u00bb#0C71C3&#8243; global_colors_info=\u00bb{}\u00bb][\/dsm_block_reveal_text][et_pb_image src=\u00bbhttps:\/\/vergedelcastell.com\/wp-content\/uploads\/2021\/05\/3.jpg\u00bb title_text=\u00bb3&#8243; _builder_version=\u00bb4.9.4&#8243; _module_preset=\u00bbdefault\u00bb global_colors_info=\u00bb{}\u00bb][\/et_pb_image][\/et_pb_column][\/et_pb_row][\/et_pb_section][et_pb_section fb_built=\u00bb1&#8243; admin_label=\u00bbFooter\u00bb _builder_version=\u00bb4.9.4&#8243; background_color=\u00bbrgba(0,65,232,0.17)\u00bb min_height=\u00bb261px\u00bb custom_margin=\u00bb||-82px|||\u00bb custom_padding=\u00bb0px||76px||false|false\u00bb top_divider_height=\u00bb660px\u00bb top_divider_flip=\u00bbhorizontal\u00bb bottom_divider_style=\u00bbclouds2&#8243; bottom_divider_color=\u00bbrgba(255,255,255,0.08)\u00bb bottom_divider_height=\u00bb600px\u00bb bottom_divider_flip=\u00bbvertical\u00bb locked=\u00bboff\u00bb global_colors_info=\u00bb{}\u00bb][et_pb_row _builder_version=\u00bb3.25&#8243; global_colors_info=\u00bb{}\u00bb][et_pb_column type=\u00bb4_4&#8243; _builder_version=\u00bb3.25&#8243; custom_padding=\u00bb|||\u00bb global_colors_info=\u00bb{}\u00bb custom_padding__hover=\u00bb|||\u00bb][et_pb_image src=\u00bbhttps:\/\/vergedelcastell.com\/wp-content\/uploads\/2021\/05\/health-icon-10-2.png\u00bb align=\u00bbcenter\u00bb align_tablet=\u00bbcenter\u00bb align_phone=\u00bb\u00bb align_last_edited=\u00bbon|desktop\u00bb _builder_version=\u00bb3.23&#8243; locked=\u00bboff\u00bb global_colors_info=\u00bb{}\u00bb][\/et_pb_image][\/et_pb_column][\/et_pb_row][et_pb_row column_structure=\u00bb1_3,1_3,1_3&#8243; admin_label=\u00bbContent Area\u00bb _builder_version=\u00bb3.25&#8243; global_colors_info=\u00bb{}\u00bb][et_pb_column type=\u00bb1_3&#8243; _builder_version=\u00bb3.25&#8243; custom_padding=\u00bb|||\u00bb global_colors_info=\u00bb{}\u00bb custom_padding__hover=\u00bb|||\u00bb][et_pb_blurb title=\u00bb(+34) 973 45 91 96&#8243; use_icon=\u00bbon\u00bb font_icon=\u00bb&#xe090;||divi||400&#8243; icon_color=\u00bb#2f8cff\u00bb image_icon_background_color=\u00bb#ffffff\u00bb icon_placement=\u00bbleft\u00bb image_icon_width=\u00bb16px\u00bb _builder_version=\u00bb4.13.0&#8243; header_font=\u00bbMontserrat||||||||\u00bb header_text_color=\u00bb#ffffff\u00bb header_font_size=\u00bb20px\u00bb header_line_height=\u00bb1.7em\u00bb image_icon_custom_padding=\u00bb8px|8px|8px|8px|false|false\u00bb custom_margin=\u00bb|||40px|false|false\u00bb border_radii_image=\u00bbon|100%|100%|100%|100%\u00bb icon_font_size=\u00bb16px\u00bb use_circle=\u00bbon\u00bb circle_color=\u00bb#ffffff\u00bb global_colors_info=\u00bb{}\u00bb image_icon_background_color__sticky_enabled=\u00bb#2ea3f2&#8243; image_icon_background_color__sticky=\u00bb#2ea3f2&#8243;][\/et_pb_blurb][\/et_pb_column][et_pb_column type=\u00bb1_3&#8243; _builder_version=\u00bb3.25&#8243; custom_padding=\u00bb|||\u00bb global_colors_info=\u00bb{}\u00bb custom_padding__hover=\u00bb|||\u00bb][et_pb_blurb title=\u00bbresidencia@vergedelcastell.com\u00bb use_icon=\u00bbon\u00bb font_icon=\u00bb&#xe076;||divi||400&#8243; icon_color=\u00bb#2f8cff\u00bb image_icon_background_color=\u00bb#ffffff\u00bb icon_placement=\u00bbleft\u00bb image_icon_width=\u00bb16px\u00bb _builder_version=\u00bb4.13.0&#8243; header_font=\u00bbMontserrat||||||||\u00bb header_text_color=\u00bb#ffffff\u00bb header_font_size=\u00bb20px\u00bb header_line_height=\u00bb1.7em\u00bb image_icon_custom_padding=\u00bb8px|8px|8px|8px|false|false\u00bb custom_margin=\u00bb|-3px||-38px|false|false\u00bb custom_padding=\u00bb|||0px|false|false\u00bb border_radii_image=\u00bbon|100%|100%|100%|100%\u00bb icon_font_size=\u00bb16px\u00bb use_circle=\u00bbon\u00bb circle_color=\u00bb#ffffff\u00bb locked=\u00bboff\u00bb global_colors_info=\u00bb{}\u00bb image_icon_background_color__sticky_enabled=\u00bb#2ea3f2&#8243; image_icon_background_color__sticky=\u00bb#2ea3f2&#8243;][\/et_pb_blurb][\/et_pb_column][et_pb_column type=\u00bb1_3&#8243; _builder_version=\u00bb3.25&#8243; custom_padding=\u00bb|||\u00bb global_colors_info=\u00bb{}\u00bb custom_padding__hover=\u00bb|||\u00bb][et_pb_blurb title=\u00bbCam\u00ed de Montgai, 9, 25737 Cubells, Lleida\u00bb use_icon=\u00bbon\u00bb font_icon=\u00bb&#xe081;||divi||400&#8243; icon_color=\u00bb#2f8cff\u00bb image_icon_background_color=\u00bb#ffffff\u00bb icon_placement=\u00bbleft\u00bb image_icon_width=\u00bb16px\u00bb _builder_version=\u00bb4.13.0&#8243; header_font=\u00bbMontserrat||||||||\u00bb header_text_color=\u00bb#ffffff\u00bb header_font_size=\u00bb20px\u00bb header_line_height=\u00bb1.7em\u00bb image_icon_custom_padding=\u00bb8px|8px|8px|8px|false|false\u00bb border_radii_image=\u00bbon|100%|100%|100%|100%\u00bb icon_font_size=\u00bb16px\u00bb use_circle=\u00bbon\u00bb circle_color=\u00bb#ffffff\u00bb locked=\u00bboff\u00bb global_colors_info=\u00bb{}\u00bb image_icon_background_color__sticky_enabled=\u00bb#2ea3f2&#8243; image_icon_background_color__sticky=\u00bb#2ea3f2&#8243;][\/et_pb_blurb][\/et_pb_column][\/et_pb_row][\/et_pb_section]<\/p>\n","protected":false},"excerpt":{"rendered":"<p>En la resid\u00e8ncia Verge del Castell, situada en un entorn rural en plena naturalesa, proporcionem un tracte hum\u00e0, individualitzat i de qualitat basat en la confian\u00e7a i el coneixement de la hist\u00f2ria de vida dels nostres residents i fam\u00edlies. Garantim el seguiment integral i interdisciplinari de la persona i el respecte a la voluntat.<div class=\"et_pb_module dipl_separator dipl_separator_0\">\n\t\t\t\t\n\t\t\t\t\n\t\t\t\t\n\t\t\t\t\n\t\t\t\t\n\t\t\t\t\n\t\t\t\t<div class=\"et_pb_module_inner\">\n\t\t\t\t\t<div class=\"dipl_separator_container align_none\">\n\t\t\t\t\t\t\t\t\t<div class=\"dipl_line dipl_line_before\"><\/div>\n\t\t\t\t\t\t\t\t\t\t\n\t\t\t\t\t\t\t\t\t\t\n\t\t\t\t\t\t\t\t\t\t\n\t\t\t\t\t\t\t\t\t<div class=\"dipl_line dipl_line_after\"><\/div>\n\t\t\t\t\t\t\t\t<\/div>\n\t\t\t\t<\/div>\n\t\t\t<\/div><\/p>\n","protected":false},"author":1,"featured_media":0,"parent":0,"menu_order":0,"comment_status":"closed","ping_status":"closed","template":"","meta":{"_et_pb_use_builder":"on","_et_pb_old_content":"","_et_gb_content_width":"","footnotes":""},"class_list":["post-660","page","type-page","status-publish","hentry"],"_links":{"self":[{"href":"https:\/\/vergedelcastell.com\/index.php?rest_route=\/wp\/v2\/pages\/660","targetHints":{"allow":["GET"]}}],"collection":[{"href":"https:\/\/vergedelcastell.com\/index.php?rest_route=\/wp\/v2\/pages"}],"about":[{"href":"https:\/\/vergedelcastell.com\/index.php?rest_route=\/wp\/v2\/types\/page"}],"author":[{"embeddable":true,"href":"https:\/\/vergedelcastell.com\/index.php?rest_route=\/wp\/v2\/users\/1"}],"replies":[{"embeddable":true,"href":"https:\/\/vergedelcastell.com\/index.php?rest_route=%2Fwp%2Fv2%2Fcomments&post=660"}],"version-history":[{"count":39,"href":"https:\/\/vergedelcastell.com\/index.php?rest_route=\/wp\/v2\/pages\/660\/revisions"}],"predecessor-version":[{"id":792,"href":"https:\/\/vergedelcastell.com\/index.php?rest_route=\/wp\/v2\/pages\/660\/revisions\/792"}],"wp:attachment":[{"href":"https:\/\/vergedelcastell.com\/index.php?rest_route=%2Fwp%2Fv2%2Fmedia&parent=660"}],"curies":[{"name":"wp","href":"https:\/\/api.w.org\/{rel}","templated":true}]}}